{"id":10436,"date":"2021-05-24T15:39:49","date_gmt":"2021-05-24T20:39:49","guid":{"rendered":"https:\/\/savethechildren.org.co\/empresas\/?page_id=10436"},"modified":"2021-06-29T09:02:00","modified_gmt":"2021-06-29T14:02:00","slug":"orientaciones-autodiagnostico","status":"publish","type":"page","link":"https:\/\/savethechildren.org.co\/empresas\/orientaciones-autodiagnostico\/","title":{"rendered":"Orientaciones autodiagn\u00f3stico"},"content":{"rendered":"<p>[vc_row el_id=\u00bbque-es\u00bb][vc_column]<div class=\"ult-spacer spacer-69e34ecd08ecb\" data-id=\"69e34ecd08ecb\" data-height=\"30\" data-height-mobile=\"30\" data-height-tab=\"30\" data-height-tab-portrait=\"\" data-height-mobile-landscape=\"\" style=\"clear:both;display:block;\"><\/div>[vc_single_image image=\u00bb10439&#8243; img_size=\u00bb120&#215;120&#8243; alignment=\u00bbcenter\u00bb css_animation=\u00bbfadeIn\u00bb]<div class=\"ult-spacer spacer-69e34ecd08ee2\" data-id=\"69e34ecd08ee2\" data-height=\"10\" data-height-mobile=\"10\" data-height-tab=\"10\" data-height-tab-portrait=\"\" data-height-mobile-landscape=\"\" style=\"clear:both;display:block;\"><\/div>[vc_custom_heading text=\u00bbPRINCIPIOS\u00bb font_container=\u00bbtag:h1|font_size:60px|text_align:center|color:%23da291c|line_height:65px\u00bb use_theme_fonts=\u00bbyes\u00bb css_animation=\u00bbtop-to-bottom\u00bb el_class=\u00bbtitle-sep\u00bb css=\u00bb.vc_custom_1621884710163{margin-top: -30px !important;}\u00bb]<div class=\"ult-spacer spacer-69e34ecd08eec\" data-id=\"69e34ecd08eec\" data-height=\"10\" data-height-mobile=\"10\" data-height-tab=\"10\" data-height-tab-portrait=\"\" data-height-mobile-landscape=\"\" style=\"clear:both;display:block;\"><\/div>[vc_column_text css_animation=\u00bbbottom-to-top\u00bb]<\/p>\n<p style=\"text-align: center;\">Se basan en normas internacionales sobre los derechos de la infancia y la prohibici\u00f3n de las peores formas de trabajo infantil y la acci\u00f3n inmediata para su eliminaci\u00f3n y a la edad m\u00ednima de admisi\u00f3n al empleo.<\/p>\n<p>[\/vc_column_text]<div class=\"ult-spacer spacer-69e34ecd08ef5\" data-id=\"69e34ecd08ef5\" data-height=\"50\" data-height-mobile=\"50\" data-height-tab=\"50\" data-height-tab-portrait=\"\" data-height-mobile-landscape=\"\" style=\"clear:both;display:block;\"><\/div>[\/vc_column][\/vc_row][vc_row full_width=\u00bbstretch_row_content_no_spaces\u00bb bg_type=\u00bbbg_color\u00bb bg_color_value=\u00bb#da291c\u00bb][vc_column]<div class=\"ult-spacer spacer-69e34ecd08efe\" data-id=\"69e34ecd08efe\" data-height=\"50\" data-height-mobile=\"50\" data-height-tab=\"50\" data-height-tab-portrait=\"\" data-height-mobile-landscape=\"\" style=\"clear:both;display:block;\"><\/div>[vc_custom_heading text=\u00bbSE ENMARCAN EN TRES \u00c1MBITOS EMPRESARIALES:\u00bb font_container=\u00bbtag:h2|font_size:45px|text_align:center|color:%23ffffff|line_height:45px\u00bb use_theme_fonts=\u00bbyes\u00bb css_animation=\u00bbtop-to-bottom\u00bb el_class=\u00bbtitle-sep\u00bb css=\u00bb.vc_custom_1621885001749{margin-top: -30px !important;}\u00bb el_id=\u00bbintro-save\u00bb][\/vc_column][\/vc_row][vc_row full_width=\u00bbstretch_row\u00bb el_id=\u00bbhome-ambitos\u00bb][vc_column]<div class=\"ult-spacer spacer-69e34ecd08f09\" data-id=\"69e34ecd08f09\" data-height=\"70\" data-height-mobile=\"70\" data-height-tab=\"70\" data-height-tab-portrait=\"\" data-height-mobile-landscape=\"\" style=\"clear:both;display:block;\"><\/div>[vc_row_inner][vc_column_inner width=\u00bb1\/3&#8243;][vc_custom_heading text=\u00bbLUGAR DE TRABAJO\u00bb font_container=\u00bbtag:p|font_size:22px|text_align:center|color:%23ffffff|line_height:30px\u00bb use_theme_fonts=\u00bbyes\u00bb css_animation=\u00bbappear\u00bb css=\u00bb.vc_custom_1619634733326{border-top-width: 1px !important;border-right-width: 1px !important;border-bottom-width: 1px !important;border-left-width: 1px !important;padding-top: 35px !important;padding-bottom: 35px !important;background-color: #6dab3c !important;border-radius: 20px !important;}\u00bb][\/vc_column_inner][vc_column_inner width=\u00bb1\/3&#8243;][vc_custom_heading text=\u00bbMERCADO\u00bb font_container=\u00bbtag:p|font_size:22px|text_align:center|color:%23ffffff|line_height:30px\u00bb use_theme_fonts=\u00bbyes\u00bb css_animation=\u00bbappear\u00bb css=\u00bb.vc_custom_1619634807636{border-top-width: 1px !important;border-right-width: 1px !important;border-bottom-width: 1px !important;border-left-width: 1px !important;padding-top: 35px !important;padding-bottom: 35px !important;background-color: #0088cc !important;border-radius: 20px !important;}\u00bb][\/vc_column_inner][vc_column_inner width=\u00bb1\/3&#8243;][vc_custom_heading text=\u00bbENTORNO Y COMUNIDAD\u00bb font_container=\u00bbtag:p|font_size:22px|text_align:center|color:%23ffffff|line_height:30px\u00bb use_theme_fonts=\u00bbyes\u00bb css_animation=\u00bbappear\u00bb css=\u00bb.vc_custom_1619634828427{border-top-width: 1px !important;border-right-width: 1px !important;border-bottom-width: 1px !important;border-left-width: 1px !important;padding-top: 35px !important;padding-bottom: 35px !important;background-color: #ff9900 !important;border-radius: 20px !important;}\u00bb][\/vc_column_inner][\/vc_row_inner]<div class=\"ult-spacer spacer-69e34ecd08f11\" data-id=\"69e34ecd08f11\" data-height=\"10\" data-height-mobile=\"10\" data-height-tab=\"10\" data-height-tab-portrait=\"\" data-height-mobile-landscape=\"\" style=\"clear:both;display:block;\"><\/div>[vc_column_text css_animation=\u00bbbottom-to-top\u00bb]<\/p>\n<p style=\"text-align: center;\">aplican a todas las empresas, sin importar su tama\u00f1o, sector, ubicaci\u00f3n y estructura.<\/p>\n<p>[\/vc_column_text]<div class=\"ult-spacer spacer-69e34ecd08f18\" data-id=\"69e34ecd08f18\" data-height=\"70\" data-height-mobile=\"70\" data-height-tab=\"70\" data-height-tab-portrait=\"\" data-height-mobile-landscape=\"\" style=\"clear:both;display:block;\"><\/div>[\/vc_column][\/vc_row][vc_row][vc_column]<div class=\"ult-spacer spacer-69e34ecd08f1f\" data-id=\"69e34ecd08f1f\" data-height=\"30\" data-height-mobile=\"30\" data-height-tab=\"30\" data-height-tab-portrait=\"\" data-height-mobile-landscape=\"\" style=\"clear:both;display:block;\"><\/div>[vc_single_image image=\u00bb10438&#8243; img_size=\u00bb120&#215;120&#8243; alignment=\u00bbcenter\u00bb css_animation=\u00bbfadeIn\u00bb]<div class=\"ult-spacer spacer-69e34ecd08f25\" data-id=\"69e34ecd08f25\" data-height=\"10\" data-height-mobile=\"10\" data-height-tab=\"10\" data-height-tab-portrait=\"\" data-height-mobile-landscape=\"\" style=\"clear:both;display:block;\"><\/div>[vc_custom_heading text=\u00bbHERRAMIENTAS DE AUTODIAGN\u00d3STICO\u00bb font_container=\u00bbtag:h1|font_size:45px|text_align:center|color:%23da291c|line_height:55px\u00bb use_theme_fonts=\u00bbyes\u00bb css_animation=\u00bbtop-to-bottom\u00bb el_class=\u00bbtitle-sep\u00bb css=\u00bb.vc_custom_1621885551374{margin-top: -30px !important;}\u00bb]<div class=\"ult-spacer spacer-69e34ecd08f2b\" data-id=\"69e34ecd08f2b\" data-height=\"20\" data-height-mobile=\"20\" data-height-tab=\"20\" data-height-tab-portrait=\"\" data-height-mobile-landscape=\"\" style=\"clear:both;display:block;\"><\/div>[vc_custom_heading text=\u00bb\u00bfQui\u00e9n la diligencia?<br \/>\nEl departamento de RSE\u00bb font_container=\u00bbtag:p|font_size:20px|text_align:center|line_height:25px\u00bb use_theme_fonts=\u00bbyes\u00bb css_animation=\u00bbtop-to-bottom\u00bb el_class=\u00bbtitle-sep\u00bb css=\u00bb.vc_custom_1621885521577{margin-top: -30px !important;}\u00bb]<div class=\"ult-spacer spacer-69e34ecd08f31\" data-id=\"69e34ecd08f31\" data-height=\"50\" data-height-mobile=\"50\" data-height-tab=\"50\" data-height-tab-portrait=\"\" data-height-mobile-landscape=\"\" style=\"clear:both;display:block;\"><\/div>[vc_row_inner equal_height=\u00bbyes\u00bb gap=\u00bb35&#8243;][vc_column_inner width=\u00bb1\/2&#8243; css=\u00bb.vc_custom_1621885867771{padding-top: 5% !important;padding-right: 5% !important;padding-bottom: 5% !important;padding-left: 5% !important;background-color: #da291c !important;border-radius: 10px !important;}\u00bb]<div class=\"ult-spacer spacer-69e34ecd08f36\" data-id=\"69e34ecd08f36\" data-height=\"30\" data-height-mobile=\"30\" data-height-tab=\"30\" data-height-tab-portrait=\"\" data-height-mobile-landscape=\"\" style=\"clear:both;display:block;\"><\/div>[vc_custom_heading text=\u00bbPASO 1&#8243; font_container=\u00bbtag:h3|font_size:35px|text_align:left|color:%23ffffff|line_height:45px\u00bb use_theme_fonts=\u00bbyes\u00bb css_animation=\u00bbtop-to-bottom\u00bb el_class=\u00bbtitle-sep\u00bb css=\u00bb.vc_custom_1621887547216{margin-top: -30px !important;}\u00bb]<div class=\"ult-spacer spacer-69e34ecd08f3c\" data-id=\"69e34ecd08f3c\" data-height=\"10\" data-height-mobile=\"10\" data-height-tab=\"10\" data-height-tab-portrait=\"\" data-height-mobile-landscape=\"\" style=\"clear:both;display:block;\"><\/div>[vc_custom_heading text=\u00bbREGISTRO\u00bb font_container=\u00bbtag:h3|font_size:35px|text_align:left|color:%23ffffff|line_height:45px\u00bb use_theme_fonts=\u00bbyes\u00bb css_animation=\u00bbtop-to-bottom\u00bb el_class=\u00bbtitle-sep\u00bb css=\u00bb.vc_custom_1621887563548{margin-top: -30px !important;}\u00bb]<div class=\"ult-spacer spacer-69e34ecd08f42\" data-id=\"69e34ecd08f42\" data-height=\"10\" data-height-mobile=\"10\" data-height-tab=\"10\" data-height-tab-portrait=\"\" data-height-mobile-landscape=\"\" style=\"clear:both;display:block;\"><\/div>[vc_custom_heading text=\u00bb(empresa y contacto)\u00bb font_container=\u00bbtag:p|font_size:20px|text_align:left|color:%23ffffff|line_height:25px\u00bb use_theme_fonts=\u00bbyes\u00bb css_animation=\u00bbtop-to-bottom\u00bb el_class=\u00bbtitle-sep\u00bb css=\u00bb.vc_custom_1621887958453{margin-top: -30px !important;}\u00bb][\/vc_column_inner][vc_column_inner width=\u00bb1\/2&#8243; css=\u00bb.vc_custom_1621888060823{padding-top: 5% !important;padding-right: 5% !important;padding-bottom: 5% !important;padding-left: 5% !important;background-color: #da291c !important;border-radius: 15px !important;}\u00bb]<div class=\"ult-spacer spacer-69e34ecd08f47\" data-id=\"69e34ecd08f47\" data-height=\"30\" data-height-mobile=\"30\" data-height-tab=\"30\" data-height-tab-portrait=\"\" data-height-mobile-landscape=\"\" style=\"clear:both;display:block;\"><\/div>[vc_custom_heading text=\u00bbPASO 2&#8243; font_container=\u00bbtag:h3|font_size:35px|text_align:left|color:%23ffffff|line_height:45px\u00bb use_theme_fonts=\u00bbyes\u00bb css_animation=\u00bbtop-to-bottom\u00bb el_class=\u00bbtitle-sep\u00bb css=\u00bb.vc_custom_1621888011460{margin-top: -30px !important;}\u00bb]<div class=\"ult-spacer spacer-69e34ecd08f4c\" data-id=\"69e34ecd08f4c\" data-height=\"10\" data-height-mobile=\"10\" data-height-tab=\"10\" data-height-tab-portrait=\"\" data-height-mobile-landscape=\"\" style=\"clear:both;display:block;\"><\/div>[vc_custom_heading text=\u00bbAUTODIAGN\u00d3STICO\u00bb font_container=\u00bbtag:h3|font_size:35px|text_align:left|color:%23ffffff|line_height:45px\u00bb use_theme_fonts=\u00bbyes\u00bb css_animation=\u00bbtop-to-bottom\u00bb el_class=\u00bbtitle-sep\u00bb css=\u00bb.vc_custom_1621888021865{margin-top: -30px !important;}\u00bb]<div class=\"ult-spacer spacer-69e34ecd08f51\" data-id=\"69e34ecd08f51\" data-height=\"10\" data-height-mobile=\"10\" data-height-tab=\"10\" data-height-tab-portrait=\"\" data-height-mobile-landscape=\"\" style=\"clear:both;display:block;\"><\/div>[vc_custom_heading text=\u00bb(identificar el avance en su camino hacia ser una empresa comprometida con los derechos de la ni\u00f1ez y se eval\u00faan los tres \u00e1mbitos empresariales)\u00bb font_container=\u00bbtag:p|font_size:20px|text_align:left|color:%23ffffff|line_height:25px\u00bb use_theme_fonts=\u00bbyes\u00bb css_animation=\u00bbtop-to-bottom\u00bb el_class=\u00bbtitle-sep\u00bb css=\u00bb.vc_custom_1621888032073{margin-top: -30px !important;}\u00bb][\/vc_column_inner][\/vc_row_inner]<div class=\"ult-spacer spacer-69e34ecd08f56\" data-id=\"69e34ecd08f56\" data-height=\"70\" data-height-mobile=\"70\" data-height-tab=\"70\" data-height-tab-portrait=\"\" data-height-mobile-landscape=\"\" style=\"clear:both;display:block;\"><\/div>[\/vc_column][\/vc_row][vc_row][vc_column width=\u00bb1\/2&#8243;][\/vc_column][vc_column width=\u00bb1\/2&#8243;][vc_btn title=\u00bbContinuar\u00bb style=\u00bboutline\u00bb shape=\u00bbround\u00bb color=\u00bbjuicy-pink\u00bb align=\u00bbright\u00bb i_align=\u00bbright\u00bb i_icon_fontawesome=\u00bbfas fa-arrow-right\u00bb add_icon=\u00bbtrue\u00bb link=\u00bburl:https%3A%2F%2Fsavethechildren.org.co%2Fempresas%2Fregistro%2F|title:Registrarse|rel:nofollow\u00bb][\/vc_column][\/vc_row][vc_row full_width=\u00bbstretch_row_content_no_spaces\u00bb el_id=\u00bbtop-footer\u00bb][vc_column]<div class=\"ult-spacer spacer-69e34ecd08f5d\" data-id=\"69e34ecd08f5d\" data-height=\"200\" data-height-mobile=\"100\" data-height-tab=\"\" data-height-tab-portrait=\"\" data-height-mobile-landscape=\"100\" style=\"clear:both;display:block;\"><\/div><div id=\"ult-easy-separator-179108561869e34ecd09350\" class=\"ult-easy-separator-wrapper ult-responsive ult-bottom-easy-separator  \" style=\"\" data-vc-row=\"wpb_row\"  data-ultimate-target='#ult-easy-separator-179108561869e34ecd09350'  data-responsive-json-new='{\"width\":\"desktop:1920px;\"}' ><div class=\"ult-easy-separator-inner-wrapper\"><div class=\"ult-no-animation\" style=\"opacity:0;\"   ><img class=\"ult-easy-separator-img\" alt=\"null\" src=\"https:\/\/savethechildren.org.co\/empresas\/wp-content\/uploads\/2021\/02\/top-footer.png\" \/><\/div><\/div><\/div>[\/vc_column][\/vc_row]<\/p>\n","protected":false},"excerpt":{"rendered":"<p>[vc_row el_id=\u00bbque-es\u00bb][vc_column][vc_single_image image=\u00bb10439&#8243; img_size=\u00bb120&#215;120&#8243; alignment=\u00bbcenter\u00bb css_animation=\u00bbfadeIn\u00bb][vc_custom_heading text=\u00bbPRINCIPIOS\u00bb font_container=\u00bbtag:h1|font_size:60px|text_align:center|color:%23da291c|line_height:65px\u00bb use_theme_fonts=\u00bbyes\u00bb css_animation=\u00bbtop-to-bottom\u00bb el_class=\u00bbtitle-sep\u00bb css=\u00bb.vc_custom_1621884710163{margin-top: -30px !important;}\u00bb][vc_column_text css_animation=\u00bbbottom-to-top\u00bb] Se basan en normas internacionales sobre los derechos de la infancia y la prohibici\u00f3n de [&hellip;]<\/p>\n","protected":false},"author":1,"featured_media":0,"parent":0,"menu_order":0,"comment_status":"closed","ping_status":"closed","template":"tpl-onepage.php","meta":[],"_links":{"self":[{"href":"https:\/\/savethechildren.org.co\/empresas\/wp-json\/wp\/v2\/pages\/10436"}],"collection":[{"href":"https:\/\/savethechildren.org.co\/empresas\/wp-json\/wp\/v2\/pages"}],"about":[{"href":"https:\/\/savethechildren.org.co\/empresas\/wp-json\/wp\/v2\/types\/page"}],"author":[{"embeddable":true,"href":"https:\/\/savethechildren.org.co\/empresas\/wp-json\/wp\/v2\/users\/1"}],"replies":[{"embeddable":true,"href":"https:\/\/savethechildren.org.co\/empresas\/wp-json\/wp\/v2\/comments?post=10436"}],"version-history":[{"count":30,"href":"https:\/\/savethechildren.org.co\/empresas\/wp-json\/wp\/v2\/pages\/10436\/revisions"}],"predecessor-version":[{"id":10520,"href":"https:\/\/savethechildren.org.co\/empresas\/wp-json\/wp\/v2\/pages\/10436\/revisions\/10520"}],"wp:attachment":[{"href":"https:\/\/savethechildren.org.co\/empresas\/wp-json\/wp\/v2\/media?parent=10436"}],"curies":[{"name":"wp","href":"https:\/\/api.w.org\/{rel}","templated":true}]}}