{"id":10271,"date":"2021-03-23T17:02:00","date_gmt":"2021-03-23T22:02:00","guid":{"rendered":"https:\/\/savethechildren.org.co\/empresas\/?page_id=10271"},"modified":"2021-03-23T17:02:00","modified_gmt":"2021-03-23T22:02:00","slug":"ingresar","status":"publish","type":"page","link":"https:\/\/savethechildren.org.co\/empresas\/ingresar\/","title":{"rendered":"Ingresar"},"content":{"rendered":"<div\nstyle=\"max-width: 600px; margin: 0 auto 1em;\" class=\"ipt_eform_login ipt_uif_front ipt_uif_common eform-override-element-boxy\" data-ui-theme=\"[&quot;https:\\\/\\\/savethechildren.org.co\\\/empresas\\\/wp-content\\\/plugins\\\/wp-fsqm-pro\\\/static\\\/front\\\/css\\\/material-themes\\\/light-themes\\\/red.css?ver=4.15.1&quot;]\" data-ui-theme-id=\"material-red\">\n<noscript><div\nclass=\"ipt_fsqm_form_message_noscript ui-widget ui-corner-all\"><div\nclass=\"ui-helper-reset ui-helper-clearfix ui-widget-header ui-corner-all\"><h3>Javascript est\u00e1 deshabilitado<\/h3><\/div><div\nclass=\"ui-widget-content ui-corner-bottom\"><p>Javascript est\u00e1 deshabilitado en su navegador. Por favor, habilitelo para poder usar \u00e9ste formulario.<\/p><\/div><\/div>\n<\/noscript><style type=\"text\/css\">.ipt_uif_ajax_loader,\n\t\t\t.ipt_uif_ajax_loader *,\n\t\t\tipt_uif_ajax_loader *::before,\n\t\t\tipt_uif_ajax_loader *::after {\n\t\t\t\tbox-sizing: border-box;\n\t\t\t}<\/style><div\nclass=\"ipt_uif_init_loader ipt-eform-preloader-inline ipt_uif_ajax_loader\"><div\nclass=\"ipt-eform-preloader-inner\"><div\nclass=\"ipt-eform-preloader-circle\"><div\nclass=\"preloader-wrapper active\"><div\nclass=\"spinner-layer spinner-blue\"><div\nclass=\"circle-clipper left\"><div\nclass=\"circle\"><\/div><\/div><div\nclass=\"gap-patch\"><div\nclass=\"circle\"><\/div><\/div><div\nclass=\"circle-clipper right\"><div\nclass=\"circle\"><\/div><\/div><\/div><div\nclass=\"spinner-layer spinner-red\"><div\nclass=\"circle-clipper left\"><div\nclass=\"circle\"><\/div><\/div><div\nclass=\"gap-patch\"><div\nclass=\"circle\"><\/div><\/div><div\nclass=\"circle-clipper right\"><div\nclass=\"circle\"><\/div><\/div><\/div><div\nclass=\"spinner-layer spinner-yellow\"><div\nclass=\"circle-clipper left\"><div\nclass=\"circle\"><\/div><\/div><div\nclass=\"gap-patch\"><div\nclass=\"circle\"><\/div><\/div><div\nclass=\"circle-clipper right\"><div\nclass=\"circle\"><\/div><\/div><\/div><div\nclass=\"spinner-layer spinner-green\"><div\nclass=\"circle-clipper left\"><div\nclass=\"circle\"><\/div><\/div><div\nclass=\"gap-patch\"><div\nclass=\"circle\"><\/div><\/div><div\nclass=\"circle-clipper right\"><div\nclass=\"circle\"><\/div><\/div><\/div><\/div><\/div><div\nclass=\"ipt-eform-preloader-text\"><div\nclass=\"ipt-eform-preloader-text-inner ipt_uif_ajax_loader_text\">Cargando<\/div><\/div><div\nclass=\"clear\"><\/div><\/div><\/div><div\nstyle=\"opacity: 0;\" class=\"ipt_uif_hidden_init ui-widget ui-widget-content ui-corner-all ipt_uif_mother_wrap eform-styled-widget\"><div\nclass=\"ui-widget-header\"><h3><i\ntitle=\"\" class=\" ipticm prefix\" data-ipt-icomoon=\"&#xe10f;\"><\/i>\nPor favor ingresa y continua con el proceso<\/h3><div\nclass=\"clear\"><\/div><\/div><div\nclass=\"ui-widget-content\"><form\naction=\"https:\/\/savethechildren.org.co\/empresas\/wp-login.php\" name=\"ipt_fsqm_up_login\" id=\"ipt_fsqm_up_login\" method=\"post\"><div\nclass=\"ipt_uif_column ipt_uif_column_full ipt_uif_conditional\"><div\nclass=\"ipt_uif_column_inner side_margin\"><div\nclass=\"ipt_uif_question ipt_uif_question_full\"><div\nclass=\"ipt_uif_question_content\"><div\nclass=\"input-field has-icon\">\n<input\nclass=\" check_me  ipt_uif_text\"\ntype=\"text\"\nname=\"log\"\nid=\"log\"\nvalue=\"\" \/>\n<i\ntitle=\"\" class=\" ipt-icomoon-user ipticm prefix\"><\/i>\n<label\nfor=\"log\">Nombre de usuario<\/label><\/div><div\nclass=\"clear-both\"><\/div><\/div><\/div><div\nclass=\"clear-both\"><\/div><\/div><\/div><div\nclass=\"ipt_uif_column ipt_uif_column_full ipt_uif_conditional\"><div\nclass=\"ipt_uif_column_inner side_margin\"><div\nclass=\"ipt_uif_question ipt_uif_question_full\"><div\nclass=\"ipt_uif_question_content\"><div\nclass=\"input-field has-icon ipt-eform-password\">\n<input\nclass=\" check_me  ipt_uif_text ipt_uif_password\"\ntype=\"password\"\nname=\"pwd\"\nid=\"pwd\"\nvalue=\"\" \/>\n<i\ntitle=\"Click to show password\" class=\" ipt-icomoon-eye ipticm prefix\"><\/i>\n<label\nfor=\"pwd\">Contrase\u00f1a<\/label><\/div><div\nclass=\"clear-both\"><\/div><\/div><\/div><div\nclass=\"clear-both\"><\/div><\/div><\/div><div\nclass=\"ipt_uif_column ipt_uif_column_full ipt_uif_conditional\"><div\nclass=\"ipt_uif_column_inner side_margin\"><div\nclass=\"ipt_uif_label_column column_1\">\n<input\ntype=\"checkbox\"\nclass=\"check_me ipt_uif_checkbox filled-in  ipt_uif_s_checkbox\"\nname=\"rememberme\" id=\"rememberme_forever\"\nvalue=\"forever\" \/>\n<label\nclass=\"eform-label-with-tabindex\" tabindex=\"0\" for=\"rememberme_forever\" data-labelcon=\"&#xe18e;\">\nRecu\u00e9rdame\t\t\t\t<\/label><\/div><div\nclass=\"clear-both\"><\/div><div\nclass=\"clear-both\"><\/div><\/div><\/div><div\nclass=\"ipt_uif_column ipt_uif_column_full ipt_uif_conditional\"><div\nclass=\"ipt_uif_column_inner side_margin\"><div\nclass=\"align-center ipt_fsqm_form_button_container--flat ipt-eform-material-button-container\"><div\nclass=\"eform-button-container-inner\">\n<button\ntype=\"submit\" class=\"ipt_uif_button eform-material-button eform-ripple medium secondary-button\" name=\"wp-submit\" id=\"wp-submit\"><i\nclass=\"ipticm ipt-icomoon-switch\"><\/i> Iniciar sesi\u00f3n<\/button>\n<button\ntype=\"button\" onclick=\"javascript:window.location.href=&quot;https:\/\/savethechildren.org.co\/empresas\/registro\/&quot;\" class=\"ipt_uif_button eform-material-button eform-ripple medium secondary-button\" name=\"ipt_fsqm_up_reg\" id=\"ipt_fsqm_up_reg\"><i\nclass=\"ipticm ipt-icomoon-user\"><\/i> Register<\/button>\n<button\ntype=\"button\" onclick=\"javascript:window.location.href=&quot;https:\/\/savethechildren.org.co\/empresas\/wp-login.php?action=lostpassword&amp;redirect_to=https%3A%2F%2Fsavethechildren.org.co%2Fempresas%2Fbienvenido%2F&quot;\" class=\"ipt_uif_button eform-material-button eform-ripple medium secondary-button\" name=\"ipt_fsqm_up_rpwd\" id=\"ipt_fsqm_up_rpwd\"><i\nclass=\"ipticm ipt-icomoon-info3\"><\/i> Forgot Password<\/button><\/div><\/div><div\nclass=\"clear-both\"><\/div><\/div><\/div>\n<input\ntype=\"hidden\" name=\"redirect_to\" value=\"https:\/\/savethechildren.org.co\/empresas\/bienvenido\/\" \/><\/form><div\nclass=\"clear\"><\/div><\/div><\/div><\/div>\n","protected":false},"excerpt":{"rendered":"Javascript est\u00e1 deshabilitadoJavascript est\u00e1 deshabilitado en su navegador. Por favor, habilitelo para poder usar \u00e9ste formulario. Cargando Por favor ingresa y continua con el proceso Nombre de usuario Contrase\u00f1a Recu\u00e9rdame [...]","protected":false},"author":1,"featured_media":0,"parent":0,"menu_order":0,"comment_status":"closed","ping_status":"closed","template":"tpl-onepage.php","meta":[],"_links":{"self":[{"href":"https:\/\/savethechildren.org.co\/empresas\/wp-json\/wp\/v2\/pages\/10271"}],"collection":[{"href":"https:\/\/savethechildren.org.co\/empresas\/wp-json\/wp\/v2\/pages"}],"about":[{"href":"https:\/\/savethechildren.org.co\/empresas\/wp-json\/wp\/v2\/types\/page"}],"author":[{"embeddable":true,"href":"https:\/\/savethechildren.org.co\/empresas\/wp-json\/wp\/v2\/users\/1"}],"replies":[{"embeddable":true,"href":"https:\/\/savethechildren.org.co\/empresas\/wp-json\/wp\/v2\/comments?post=10271"}],"version-history":[{"count":1,"href":"https:\/\/savethechildren.org.co\/empresas\/wp-json\/wp\/v2\/pages\/10271\/revisions"}],"predecessor-version":[{"id":10272,"href":"https:\/\/savethechildren.org.co\/empresas\/wp-json\/wp\/v2\/pages\/10271\/revisions\/10272"}],"wp:attachment":[{"href":"https:\/\/savethechildren.org.co\/empresas\/wp-json\/wp\/v2\/media?parent=10271"}],"curies":[{"name":"wp","href":"https:\/\/api.w.org\/{rel}","templated":true}]}}